{"id":79,"date":"2020-07-15T04:49:06","date_gmt":"2020-07-15T04:49:06","guid":{"rendered":"http:\/\/cicsaductos.wpengine.com\/?page_id=79"},"modified":"2025-09-25T22:13:38","modified_gmt":"2025-09-25T22:13:38","slug":"qualidade","status":"publish","type":"page","link":"https:\/\/www.cicsaductos.com.mx\/pt\/qualidade\/","title":{"rendered":"Qualidade"},"content":{"rendered":"<div class=\"wpb-content-wrapper\"><p>[vc_row][vc_column][vc_column_text]<\/p>\n<h2><span style=\"color: #ff8f00;\">POL\u00cdTICA DO NEG\u00d3CIO<\/span><\/h2>\n<p>Realizar produtos e servi\u00e7os com qualidade dentro do prazo e custo, em conformidade com os requisitos de sa\u00fade, seguran\u00e7a e meio ambiente, considerando o entorno e as partes interessadas, identi_cando e prevenindo riscos e impactos, alocando recursos e buscando cumprir os objetivos, fortalecendo a lideran\u00e7a e a melhoria cont\u00ednua do sistema, a inova\u00e7\u00e3o e a sustentabilidade do neg\u00f3cio.<\/p>\n<h2><span style=\"color: #ff8f00;\">PREMIO NACIONAL DE QUALIDADE<\/span><\/h2>\n<p>Gra\u00e7as \u00e0 qualidade e inova\u00e7\u00e3o dos nossos modelos de neg\u00f3cio e administra\u00e7\u00e3o, fomos premiados com o Pr\u00eamio Nacional de Qualidade 2013, distin\u00e7\u00e3o que \u00e9 refer\u00eancia de sustentabilidade, produtividade, inova\u00e7\u00e3o e competitividade no M\u00e9xico.<\/p>\n<h2><span style=\"color: #ff8f00;\">SISTEMA DE GEST\u00c3O DO NEGOCIO<\/span><\/h2>\n<p>Nosso modelo de gest\u00e3o se aplica a qualquer produto, servi\u00e7o, cliente, sistema (qualidade, ambiental, seguran\u00e7a, etc.), regi\u00e3o ou pa\u00eds. Nossos objetivos se alcan\u00e7am atrav\u00e9s da administra\u00e7\u00e3o de resultados com enfoque em processos e n\u00e3o como departamentos isolados.<\/p>\n<h2><span style=\"color: #ff8f00;\">CERTIFICADOS<\/span><\/h2>\n<p>Nosso sistema de gest\u00e3o da qualidade possui certifica\u00e7\u00e3o ISO 9001-2015 em todos os pa\u00edses onde atuamos.<\/p>\n<p>Em rela\u00e7\u00e3o ao nosso Sistema de Gest\u00e3o de Sa\u00fade e Seguran\u00e7a Ocupacional, possu\u00edmos certifica\u00e7\u00e3o ISO 45001-2018 para Opera\u00e7\u00f5es Setoriais, Telecomunica\u00e7\u00f5es, Linhas de Transmiss\u00e3o de Fluidos e Unidade de Inspe\u00e7\u00e3o.<\/p>\n<p>Nosso Sistema de Gest\u00e3o Ambiental possui certifica\u00e7\u00e3o ISO 14001-2015 para Opera\u00e7\u00f5es Setoriais, Telecomunica\u00e7\u00f5es, Linhas de Transmiss\u00e3o de Fluidos e Unidade de Inspe\u00e7\u00e3o.<\/p>\n<ul>\n<li>Possu\u00edmos uma Unidade de Inspe\u00e7\u00e3o Tipo &#8220;C&#8221; certificada pela NMX-EC-17020-INMC-2014 para verifica\u00e7\u00e3o de testes de fibra \u00f3ptica, testes hidrost\u00e1ticos e testes de l\u00edquido penetrante.<\/li>\n<\/ul>\n<p>[\/vc_column_text][\/vc_column][\/vc_row]<\/p>\n<\/div>","protected":false},"excerpt":{"rendered":"<p>[vc_row][vc_column][vc_column_text] POL\u00cdTICA DO NEG\u00d3CIO Realizar produtos e servi\u00e7os com qualidade dentro do prazo e custo, em conformidade com os requisitos de sa\u00fade, seguran\u00e7a e meio ambiente, considerando o entorno e as partes interessadas, identi_cando e prevenindo riscos e impactos, alocando recursos e buscando cumprir os objetivos, fortalecendo a lideran\u00e7a e a melhoria cont\u00ednua do sistema, [&hellip;]<\/p>\n","protected":false},"author":1,"featured_media":0,"parent":0,"menu_order":0,"comment_status":"closed","ping_status":"closed","template":"page-templates\/main-content-template.php","meta":{"footnotes":""},"class_list":["post-79","page","type-page","status-publish","hentry"],"_links":{"self":[{"href":"https:\/\/www.cicsaductos.com.mx\/pt\/wp-json\/wp\/v2\/pages\/79","targetHints":{"allow":["GET"]}}],"collection":[{"href":"https:\/\/www.cicsaductos.com.mx\/pt\/wp-json\/wp\/v2\/pages"}],"about":[{"href":"https:\/\/www.cicsaductos.com.mx\/pt\/wp-json\/wp\/v2\/types\/page"}],"author":[{"embeddable":true,"href":"https:\/\/www.cicsaductos.com.mx\/pt\/wp-json\/wp\/v2\/users\/1"}],"replies":[{"embeddable":true,"href":"https:\/\/www.cicsaductos.com.mx\/pt\/wp-json\/wp\/v2\/comments?post=79"}],"version-history":[{"count":0,"href":"https:\/\/www.cicsaductos.com.mx\/pt\/wp-json\/wp\/v2\/pages\/79\/revisions"}],"wp:attachment":[{"href":"https:\/\/www.cicsaductos.com.mx\/pt\/wp-json\/wp\/v2\/media?parent=79"}],"curies":[{"name":"wp","href":"https:\/\/api.w.org\/{rel}","templated":true}]}}