{"id":39,"date":"2020-07-14T03:47:56","date_gmt":"2020-07-14T03:47:56","guid":{"rendered":"http:\/\/cicsaductos.wpengine.com\/?page_id=39"},"modified":"2020-08-18T04:04:46","modified_gmt":"2020-08-18T04:04:46","slug":"contato","status":"publish","type":"page","link":"https:\/\/www.cicsaductos.com.mx\/pt\/contato\/","title":{"rendered":"Contato"},"content":{"rendered":"<div class=\"wpb-content-wrapper\"><p>[vc_row][vc_column][vc_column_text]<\/p>\n<h2><span style=\"color: #ff8f00;\">Contato<\/span><\/h2>\n<p>[\/vc_column_text][vc_column_text]Se voc\u00ea tiver alguma d\u00favida, coment\u00e1rio ou sugest\u00e3o entre em contato conosco sua mensagem ser\u00e1 enviada para a \u00e1rea correspondente. Obrigado.[\/vc_column_text]\r\n<div id=\"page-cdx-contact-asuntos-adm\" class=\"wrap\">\r\n\r\n    <div class=\"boot-cdx-contacto\">\r\n\r\n        <div class=\"container-fluid\">\r\n\r\n            <div class=\"row\">\r\n\r\n                <div class=\"col-xs-12 col-md-12\">\r\n\r\n                    <form id=\"formularioContacto2018\" class=\"formBGColor\">\r\n                        <div class=\"form-group\">\r\n                            <label style=\"color: white; font-size:16px;\">Nome<\/label>\r\n                            <input type=\"text\" name=\"nombre\" value=\"\" class=\"form-control\" maxlength=\"250\" \/>\r\n                        <\/div>\r\n                        <div class=\"form-group\">\r\n                            <label style=\"color: white; font-size:16px;\">Empresa<\/label>\r\n                            <input type=\"text\" name=\"empresa\" value=\"\" class=\"form-control\" maxlength=\"250\" \/>\r\n                        <\/div>\r\n                        <div class=\"form-group\">\r\n                            <label style=\"color: white; font-size:16px;\">E-mail<\/label>\r\n                            <input type=\"email\" name=\"email\" value=\"\" class=\"form-control\" maxlength=\"250\" \/>\r\n                        <\/div>\r\n                        <div class=\"form-group\">\r\n                            <label style=\"color: white; font-size:16px;\">Telefone<\/label>\r\n                            <input type=\"text\" name=\"telefono\" value=\"\" class=\"form-control\" maxlength=\"50\" \/>\r\n                        <\/div>\r\n                        <div class=\"form-group\">\r\n                            <label style=\"color: white; font-size:16px;\">Pa\u00eds:<\/label>\r\n                            <select id=\"paisCombo\" class=\"form-control paisCombo\" name=\"pais\">\r\n                                <option value=\"\">Selecione uma op\u00e7\u00e3o<\/option>\r\n                                <option value=\"1\">Brasil<\/option><option value=\"2\">Argentina<\/option><option value=\"3\">Col\u00f4mbia<\/option><option value=\"4\">Costa Rica<\/option><option value=\"5\">Equador<\/option><option value=\"6\">Guatemala<\/option><option value=\"7\">Honduras<\/option><option value=\"8\">M\u00e9xico<\/option><option value=\"9\">Norte M\u00e9xico<\/option><option value=\"10\">Oeste do M\u00e9xico<\/option><option value=\"11\">Sul mexico<\/option><option value=\"12\">Nicar\u00e1gua<\/option><option value=\"13\">Per\u00fa<\/option><option value=\"14\">Panam\u00e1<\/option><option value=\"15\">Rep\u00fablica Dominicana<\/option><option value=\"16\">O salvador<\/option>            \r\n                            <\/select>\r\n                        <\/div>\r\n                        <div class=\"form-group\">\r\n                            <label style=\"color: white; font-size:16px;\">Linha de neg\u00f3cio:<\/label>\r\n                            <select id=\"asuntoCombo\" class=\"form-control asuntoCombo\" name=\"asunto\">\r\n                                <option value=\"\">Selecione primeiro um pa\u00eds<\/option>                                        \r\n                            <\/select>\r\n                        <\/div>\r\n                        <div class=\"form-group\">\r\n                            <label style=\"color: white; font-size:16px;\">Mensagem:<\/label>\r\n                            <textarea class=\"form-control\" rows=\"3\" name=\"mensaje\" maxlength=\"240\"><\/textarea>\r\n                        <\/div>\r\n\r\n                        <h1 id=\"messageEnviando\" class=\"hidden\">\r\n                            <i class=\"fas fa-spinner fa-spin\"><\/i> Enviando...\r\n                        <\/h1>\r\n\r\n                        <h1 id=\"messageResult\" class=\"hidden\">\r\n                            <i class=\"fas fa-check\"><\/i> Mensaje Enviado Con Exito.\r\n                        <\/h1>\r\n\r\n                        <button id=\"btnEnviar\" type=\"submit\" class=\"btn btn-primary pull-right btnEnviar\">\r\n                            <i class=\"fal fa-envelope\"><\/i> Enviar\r\n                        <\/button>\r\n\r\n                    <\/form>\r\n\r\n                <\/div>\r\n\r\n            <\/div>\r\n\r\n        <\/div>\r\n\r\n    <\/div>\r\n\r\n<\/div>\r\n[\/vc_column][\/vc_row]<\/p>\n<\/div>","protected":false},"excerpt":{"rendered":"<p>[vc_row][vc_column][vc_column_text] Contato [\/vc_column_text][vc_column_text]Se voc\u00ea tiver alguma d\u00favida, coment\u00e1rio ou sugest\u00e3o entre em contato conosco sua mensagem ser\u00e1 enviada para a \u00e1rea correspondente. Obrigado.[\/vc_column_text][\/vc_column][\/vc_row]<\/p>\n","protected":false},"author":1,"featured_media":0,"parent":0,"menu_order":0,"comment_status":"closed","ping_status":"closed","template":"page-templates\/main-content-template.php","meta":{"footnotes":""},"class_list":["post-39","page","type-page","status-publish","hentry"],"_links":{"self":[{"href":"https:\/\/www.cicsaductos.com.mx\/pt\/wp-json\/wp\/v2\/pages\/39","targetHints":{"allow":["GET"]}}],"collection":[{"href":"https:\/\/www.cicsaductos.com.mx\/pt\/wp-json\/wp\/v2\/pages"}],"about":[{"href":"https:\/\/www.cicsaductos.com.mx\/pt\/wp-json\/wp\/v2\/types\/page"}],"author":[{"embeddable":true,"href":"https:\/\/www.cicsaductos.com.mx\/pt\/wp-json\/wp\/v2\/users\/1"}],"replies":[{"embeddable":true,"href":"https:\/\/www.cicsaductos.com.mx\/pt\/wp-json\/wp\/v2\/comments?post=39"}],"version-history":[{"count":0,"href":"https:\/\/www.cicsaductos.com.mx\/pt\/wp-json\/wp\/v2\/pages\/39\/revisions"}],"wp:attachment":[{"href":"https:\/\/www.cicsaductos.com.mx\/pt\/wp-json\/wp\/v2\/media?parent=39"}],"curies":[{"name":"wp","href":"https:\/\/api.w.org\/{rel}","templated":true}]}}