{"id":175,"date":"2020-07-16T03:59:45","date_gmt":"2020-07-16T03:59:45","guid":{"rendered":"http:\/\/cicsaductos.wpengine.com\/?page_id=175"},"modified":"2020-08-16T06:39:28","modified_gmt":"2020-08-16T06:39:28","slug":"agua","status":"publish","type":"page","link":"https:\/\/www.cicsaductos.com.mx\/pt\/linhas-de-conducao\/agua\/","title":{"rendered":"\u00c1gua"},"content":{"rendered":"<div class=\"wpb-content-wrapper\"><p>[vc_row][vc_column width=&#8221;1\/2&#8243;][vc_column_text]<\/p>\n<h2><span style=\"color: #ff8f00;\">\u00c1GUA<\/span><\/h2>\n<p>Desenho, fornecimento de materiais, log\u00edstica, constru\u00e7\u00e3o, opera\u00e7\u00e3o e manuten\u00e7\u00e3o de linhas de condu\u00e7\u00e3o e distribui\u00e7\u00e3o de \u00e1gua (aquedutos).<\/p>\n<p>Constru\u00edmos todas as etapas: extra\u00e7\u00e3o, transporte, tratamento, armazenamento e distribui\u00e7\u00e3o (industrial e residencial), conservando durante todo o nosso processo os mais altos n\u00edveis de seguran\u00e7a. Nossos desenhos e projetos consideram os materiais, equipamentos e tecnologias de constru\u00e7\u00e3o mais recentes, considerando a engenharia econ\u00f4mica de cada projeto de acordo com requisitos do cliente.<\/p>\n<p>&nbsp;<\/p>\n<p>Constru\u00e7\u00e3o e opera\u00e7\u00e3o de:<\/p>\n<p>&nbsp;<\/p>\n<ul>\n<li>Sistemas de bombeamento de extra\u00e7\u00e3o em po\u00e7o profundo e outros corpos de \u00e1gua<\/li>\n<li>Linhas de condu\u00e7\u00e3o<\/li>\n<li>V\u00e1lvulas<\/li>\n<li>Sistemas de pressuriza\u00e7\u00e3o.<\/li>\n<li>Interconex\u00e3o com sistemas existentes<\/li>\n<li>Constru\u00e7\u00e3o de obra civil, mec\u00e2nica e el\u00e9trica.<\/li>\n<li>Sistemas de Comunica\u00e7\u00e3o e telemetria para o controle e monitora\u00e7\u00e3o do sistema<\/li>\n<\/ul>\n<p>[\/vc_column_text][\/vc_column][vc_column width=&#8221;1\/2&#8243;][vc_empty_space height=&#8221;50px&#8221;][vc_single_image image=&#8221;178&#8243; img_size=&#8221;full&#8221; alignment=&#8221;center&#8221; onclick=&#8221;link_image&#8221;][\/vc_column][\/vc_row]<\/p>\n<\/div>","protected":false},"excerpt":{"rendered":"<p>[vc_row][vc_column width=&#8221;1\/2&#8243;][vc_column_text] \u00c1GUA Desenho, fornecimento de materiais, log\u00edstica, constru\u00e7\u00e3o, opera\u00e7\u00e3o e manuten\u00e7\u00e3o de linhas de condu\u00e7\u00e3o e distribui\u00e7\u00e3o de \u00e1gua (aquedutos). Constru\u00edmos todas as etapas: extra\u00e7\u00e3o, transporte, tratamento, armazenamento e distribui\u00e7\u00e3o (industrial e residencial), conservando durante todo o nosso processo os mais altos n\u00edveis de seguran\u00e7a. Nossos desenhos e projetos consideram os materiais, equipamentos e [&hellip;]<\/p>\n","protected":false},"author":1,"featured_media":0,"parent":17,"menu_order":0,"comment_status":"closed","ping_status":"closed","template":"page-templates\/main-content-template.php","meta":{"footnotes":""},"class_list":["post-175","page","type-page","status-publish","hentry"],"_links":{"self":[{"href":"https:\/\/www.cicsaductos.com.mx\/pt\/wp-json\/wp\/v2\/pages\/175","targetHints":{"allow":["GET"]}}],"collection":[{"href":"https:\/\/www.cicsaductos.com.mx\/pt\/wp-json\/wp\/v2\/pages"}],"about":[{"href":"https:\/\/www.cicsaductos.com.mx\/pt\/wp-json\/wp\/v2\/types\/page"}],"author":[{"embeddable":true,"href":"https:\/\/www.cicsaductos.com.mx\/pt\/wp-json\/wp\/v2\/users\/1"}],"replies":[{"embeddable":true,"href":"https:\/\/www.cicsaductos.com.mx\/pt\/wp-json\/wp\/v2\/comments?post=175"}],"version-history":[{"count":0,"href":"https:\/\/www.cicsaductos.com.mx\/pt\/wp-json\/wp\/v2\/pages\/175\/revisions"}],"up":[{"embeddable":true,"href":"https:\/\/www.cicsaductos.com.mx\/pt\/wp-json\/wp\/v2\/pages\/17"}],"wp:attachment":[{"href":"https:\/\/www.cicsaductos.com.mx\/pt\/wp-json\/wp\/v2\/media?parent=175"}],"curies":[{"name":"wp","href":"https:\/\/api.w.org\/{rel}","templated":true}]}}