{"id":133,"date":"2020-07-15T06:48:09","date_gmt":"2020-07-15T06:48:09","guid":{"rendered":"http:\/\/cicsaductos.wpengine.com\/?page_id=133"},"modified":"2020-08-16T06:58:25","modified_gmt":"2020-08-16T06:58:25","slug":"sites-integrais-de-telefonia-movel","status":"publish","type":"page","link":"https:\/\/www.cicsaductos.com.mx\/pt\/telecomunicaciones\/sites-integrais-de-telefonia-movel\/","title":{"rendered":"Sites integrais de telefonia m\u00f3vel"},"content":{"rendered":"<div class=\"wpb-content-wrapper\"><p>[vc_row][vc_column width=&#8221;1\/2&#8243;][vc_column_text]<\/p>\n<h2><span style=\"color: #ff8f00;\">SITES INTEGRAIS DE TELEFONIA M\u00d3VEL<\/span><\/h2>\n<p>Servi\u00e7os para sites integrais de telefonia m\u00f3vel<\/p>\n<ul>\n<li>Engenharia<\/li>\n<li>Loca\u00e7\u00e3o e aquisi\u00e7\u00e3o de sites<\/li>\n<li>Gest\u00e3o de permiss\u00f5es<\/li>\n<li>Obra civil<\/li>\n<li>Trabalhos de torres chave na m\u00e3o (instala\u00e7\u00e3o de torres treli\u00e7adas, monotubular, auto suportadas e camufladas).<\/li>\n<li>Sistemas de aterramento<\/li>\n<li>Abastecimento de energia el\u00e9trica<\/li>\n<li>Rede de fibra \u00f3ptica para atender o site integral de telefonia m\u00f3vel<\/li>\n<li>Instala\u00e7\u00e3o de equipamento eletr\u00f4nico<\/li>\n<li>Instala\u00e7\u00e3o de antena (cabe\u00e7a de radio remoto, cabeamento e pontes de fibra).<\/li>\n<li>Potencia<\/li>\n<li>Caminhos de acesso<\/li>\n<\/ul>\n<p>[\/vc_column_text][\/vc_column][vc_column width=&#8221;1\/2&#8243;][vc_empty_space height=&#8221;50px&#8221;][vc_single_image image=&#8221;172&#8243; img_size=&#8221;full&#8221; alignment=&#8221;center&#8221; onclick=&#8221;link_image&#8221;][\/vc_column][\/vc_row]<\/p>\n<\/div>","protected":false},"excerpt":{"rendered":"<p>[vc_row][vc_column width=&#8221;1\/2&#8243;][vc_column_text] SITES INTEGRAIS DE TELEFONIA M\u00d3VEL Servi\u00e7os para sites integrais de telefonia m\u00f3vel Engenharia Loca\u00e7\u00e3o e aquisi\u00e7\u00e3o de sites Gest\u00e3o de permiss\u00f5es Obra civil Trabalhos de torres chave na m\u00e3o (instala\u00e7\u00e3o de torres treli\u00e7adas, monotubular, auto suportadas e camufladas). Sistemas de aterramento Abastecimento de energia el\u00e9trica Rede de fibra \u00f3ptica para atender o site [&hellip;]<\/p>\n","protected":false},"author":1,"featured_media":0,"parent":19,"menu_order":0,"comment_status":"closed","ping_status":"closed","template":"page-templates\/main-content-template.php","meta":{"footnotes":""},"class_list":["post-133","page","type-page","status-publish","hentry"],"_links":{"self":[{"href":"https:\/\/www.cicsaductos.com.mx\/pt\/wp-json\/wp\/v2\/pages\/133","targetHints":{"allow":["GET"]}}],"collection":[{"href":"https:\/\/www.cicsaductos.com.mx\/pt\/wp-json\/wp\/v2\/pages"}],"about":[{"href":"https:\/\/www.cicsaductos.com.mx\/pt\/wp-json\/wp\/v2\/types\/page"}],"author":[{"embeddable":true,"href":"https:\/\/www.cicsaductos.com.mx\/pt\/wp-json\/wp\/v2\/users\/1"}],"replies":[{"embeddable":true,"href":"https:\/\/www.cicsaductos.com.mx\/pt\/wp-json\/wp\/v2\/comments?post=133"}],"version-history":[{"count":0,"href":"https:\/\/www.cicsaductos.com.mx\/pt\/wp-json\/wp\/v2\/pages\/133\/revisions"}],"up":[{"embeddable":true,"href":"https:\/\/www.cicsaductos.com.mx\/pt\/wp-json\/wp\/v2\/pages\/19"}],"wp:attachment":[{"href":"https:\/\/www.cicsaductos.com.mx\/pt\/wp-json\/wp\/v2\/media?parent=133"}],"curies":[{"name":"wp","href":"https:\/\/api.w.org\/{rel}","templated":true}]}}