{"id":128,"date":"2020-07-15T06:42:45","date_gmt":"2020-07-15T06:42:45","guid":{"rendered":"http:\/\/cicsaductos.wpengine.com\/?page_id=128"},"modified":"2020-08-17T19:32:19","modified_gmt":"2020-08-17T19:32:19","slug":"rede-de-cobre","status":"publish","type":"page","link":"https:\/\/www.cicsaductos.com.mx\/pt\/telecomunicaciones\/rede-de-cobre\/","title":{"rendered":"Rede de cobre"},"content":{"rendered":"<div class=\"wpb-content-wrapper\"><p>[vc_row][vc_column width=&#8221;1\/2&#8243;][vc_column_text]<\/p>\n<h2><\/h2>\n<h2><span style=\"color: #ff8f00;\">REDE DE COBRE<\/span><\/h2>\n<p>A Rede de cobre est\u00e1 composta pelas seguintes redes:<\/p>\n<ul>\n<li>Rede Troncal, \u00e9 a rede que liga as centrais.<\/li>\n<li>Rede Troncal, \u00e9 a rede que liga um node chamado distrito com a central.<\/li>\n<li>Rede Secund\u00e1ria \u00e9 a rede que liga o distrito com os terminais pr\u00f3ximos ao endere\u00e7o do cliente.<\/li>\n<li>Rede do cliente \u00e9 a rede desde o terminal no exterior que por meio do cabo desce at\u00e9 o equipamento no interior do endere\u00e7o do cliente<\/li>\n<li>Rede Direta \u00e9 a rede que distribui diretamente desde a central aos terminais<\/li>\n<\/ul>\n<p>[\/vc_column_text][\/vc_column][vc_column width=&#8221;1\/2&#8243;][vc_single_image image=&#8221;169&#8243; img_size=&#8221;full&#8221; alignment=&#8221;center&#8221; onclick=&#8221;link_image&#8221;][\/vc_column][\/vc_row]<\/p>\n<\/div>","protected":false},"excerpt":{"rendered":"<p>[vc_row][vc_column width=&#8221;1\/2&#8243;][vc_column_text] REDE DE COBRE A Rede de cobre est\u00e1 composta pelas seguintes redes: Rede Troncal, \u00e9 a rede que liga as centrais. Rede Troncal, \u00e9 a rede que liga um node chamado distrito com a central. Rede Secund\u00e1ria \u00e9 a rede que liga o distrito com os terminais pr\u00f3ximos ao endere\u00e7o do cliente. Rede [&hellip;]<\/p>\n","protected":false},"author":1,"featured_media":0,"parent":19,"menu_order":0,"comment_status":"closed","ping_status":"closed","template":"page-templates\/main-content-template.php","meta":{"footnotes":""},"class_list":["post-128","page","type-page","status-publish","hentry"],"_links":{"self":[{"href":"https:\/\/www.cicsaductos.com.mx\/pt\/wp-json\/wp\/v2\/pages\/128","targetHints":{"allow":["GET"]}}],"collection":[{"href":"https:\/\/www.cicsaductos.com.mx\/pt\/wp-json\/wp\/v2\/pages"}],"about":[{"href":"https:\/\/www.cicsaductos.com.mx\/pt\/wp-json\/wp\/v2\/types\/page"}],"author":[{"embeddable":true,"href":"https:\/\/www.cicsaductos.com.mx\/pt\/wp-json\/wp\/v2\/users\/1"}],"replies":[{"embeddable":true,"href":"https:\/\/www.cicsaductos.com.mx\/pt\/wp-json\/wp\/v2\/comments?post=128"}],"version-history":[{"count":0,"href":"https:\/\/www.cicsaductos.com.mx\/pt\/wp-json\/wp\/v2\/pages\/128\/revisions"}],"up":[{"embeddable":true,"href":"https:\/\/www.cicsaductos.com.mx\/pt\/wp-json\/wp\/v2\/pages\/19"}],"wp:attachment":[{"href":"https:\/\/www.cicsaductos.com.mx\/pt\/wp-json\/wp\/v2\/media?parent=128"}],"curies":[{"name":"wp","href":"https:\/\/api.w.org\/{rel}","templated":true}]}}