{"id":117,"date":"2020-07-15T06:31:55","date_gmt":"2020-07-15T06:31:55","guid":{"rendered":"http:\/\/cicsaductos.wpengine.com\/?page_id=117"},"modified":"2020-08-16T06:50:40","modified_gmt":"2020-08-16T06:50:40","slug":"instalacoes","status":"publish","type":"page","link":"https:\/\/www.cicsaductos.com.mx\/pt\/telecomunicaciones\/instalacoes\/","title":{"rendered":"Instala\u00e7\u00f5es"},"content":{"rendered":"<div class=\"wpb-content-wrapper\"><p>[vc_row][vc_column width=&#8221;1\/2&#8243;][vc_column_text]<\/p>\n<h2><\/h2>\n<h2><span style=\"color: #ff8f00;\">INSTALA\u00c7\u00d5ES<\/span><\/h2>\n<p>&nbsp;<\/p>\n<p>\u00c9 a liga\u00e7\u00e3o existente entre o ponto de dispers\u00e3o e o equipamento terminal do usu\u00e1rio final, consta com e consiste em dois segmentos: a instala\u00e7\u00e3o exterior que contempla o acesso, e a instala\u00e7\u00e3o interior ou cabeamento interior, a qual se encontra dentro do endere\u00e7o do cliente, podendo ser oculta ou vis\u00edvel.<\/p>\n<p>&nbsp;<\/p>\n<p>Tipos de instala\u00e7\u00f5es:<\/p>\n<ul>\n<li>ADSL Rede de telefonia b\u00e1sica de pares de cobre<\/li>\n<li>HFC \u00a0\u00a0\u00a0Rede h\u00edbrida de fibra \u00f3ptica e cabo coaxial<\/li>\n<li>FTTH Fibra \u00f3ptica direta a casa<\/li>\n<li>DTH Transmiss\u00e3o por sat\u00e9lite de v\u00eddeo direto a casa<\/li>\n<\/ul>\n<p>[\/vc_column_text][\/vc_column][vc_column width=&#8221;1\/2&#8243;][vc_empty_space height=&#8221;50px&#8221;][vc_single_image image=&#8221;162&#8243; img_size=&#8221;full&#8221; alignment=&#8221;center&#8221; onclick=&#8221;link_image&#8221;][\/vc_column][\/vc_row]<\/p>\n<\/div>","protected":false},"excerpt":{"rendered":"<p>[vc_row][vc_column width=&#8221;1\/2&#8243;][vc_column_text] INSTALA\u00c7\u00d5ES &nbsp; \u00c9 a liga\u00e7\u00e3o existente entre o ponto de dispers\u00e3o e o equipamento terminal do usu\u00e1rio final, consta com e consiste em dois segmentos: a instala\u00e7\u00e3o exterior que contempla o acesso, e a instala\u00e7\u00e3o interior ou cabeamento interior, a qual se encontra dentro do endere\u00e7o do cliente, podendo ser oculta ou vis\u00edvel. [&hellip;]<\/p>\n","protected":false},"author":1,"featured_media":0,"parent":19,"menu_order":0,"comment_status":"closed","ping_status":"closed","template":"page-templates\/main-content-template.php","meta":{"footnotes":""},"class_list":["post-117","page","type-page","status-publish","hentry"],"_links":{"self":[{"href":"https:\/\/www.cicsaductos.com.mx\/pt\/wp-json\/wp\/v2\/pages\/117","targetHints":{"allow":["GET"]}}],"collection":[{"href":"https:\/\/www.cicsaductos.com.mx\/pt\/wp-json\/wp\/v2\/pages"}],"about":[{"href":"https:\/\/www.cicsaductos.com.mx\/pt\/wp-json\/wp\/v2\/types\/page"}],"author":[{"embeddable":true,"href":"https:\/\/www.cicsaductos.com.mx\/pt\/wp-json\/wp\/v2\/users\/1"}],"replies":[{"embeddable":true,"href":"https:\/\/www.cicsaductos.com.mx\/pt\/wp-json\/wp\/v2\/comments?post=117"}],"version-history":[{"count":0,"href":"https:\/\/www.cicsaductos.com.mx\/pt\/wp-json\/wp\/v2\/pages\/117\/revisions"}],"up":[{"embeddable":true,"href":"https:\/\/www.cicsaductos.com.mx\/pt\/wp-json\/wp\/v2\/pages\/19"}],"wp:attachment":[{"href":"https:\/\/www.cicsaductos.com.mx\/pt\/wp-json\/wp\/v2\/media?parent=117"}],"curies":[{"name":"wp","href":"https:\/\/api.w.org\/{rel}","templated":true}]}}